{"id":786,"date":"2022-06-27T16:55:46","date_gmt":"2022-06-27T16:55:46","guid":{"rendered":"https:\/\/adequationmedia.com\/seo\/"},"modified":"2023-01-27T21:13:24","modified_gmt":"2023-01-27T21:13:24","slug":"seo","status":"publish","type":"page","link":"https:\/\/adequationmedia.com\/fr\/seo\/","title":{"rendered":"SEO"},"content":{"rendered":"","protected":false},"excerpt":{"rendered":"","protected":false},"author":1,"featured_media":0,"parent":0,"menu_order":0,"comment_status":"closed","ping_status":"closed","template":"service.php","meta":{"_acf_changed":false,"footnotes":""},"class_list":["post-786","page","type-page","status-publish","hentry"],"acf":[],"yoast_head":"<!-- This site is optimized with the Yoast SEO plugin v23.0 - https:\/\/yoast.com\/wordpress\/plugins\/seo\/ -->\n<title>Votre agence SEO \u00e0 Montreal | Adequation Media<\/title>\n<meta name=\"description\" content=\"ROI sous-performant? Strat\u00e9gies inefficaces? Augmentez votre croissance avec un plan de Search Engine Optimization (SEO) adapt\u00e9 \u00e0 vos besoins\" \/>\n<meta name=\"robots\" content=\"index, follow, max-snippet:-1, max-image-preview:large, max-video-preview:-1\" \/>\n<link rel=\"canonical\" href=\"https:\/\/adequationmedia.com\/fr\/seo\/\" \/>\n<meta property=\"og:locale\" content=\"fr_FR\" \/>\n<meta property=\"og:type\" content=\"article\" \/>\n<meta property=\"og:title\" content=\"Votre agence SEO \u00e0 Montreal | Adequation Media\" \/>\n<meta property=\"og:description\" content=\"ROI sous-performant? Strat\u00e9gies inefficaces? Augmentez votre croissance avec un plan de Search Engine Optimization (SEO) adapt\u00e9 \u00e0 vos besoins\" \/>\n<meta property=\"og:url\" content=\"https:\/\/adequationmedia.com\/fr\/seo\/\" \/>\n<meta property=\"og:site_name\" content=\"Adequation Media\" \/>\n<meta property=\"article:publisher\" content=\"https:\/\/www.facebook.com\/adequationmedia\" \/>\n<meta property=\"article:modified_time\" content=\"2023-01-27T21:13:24+00:00\" \/>\n<meta name=\"twitter:card\" content=\"summary_large_image\" \/>\n<script type=\"application\/ld+json\" class=\"yoast-schema-graph\">{\"@context\":\"https:\/\/schema.org\",\"@graph\":[{\"@type\":\"WebPage\",\"@id\":\"https:\/\/adequationmedia.com\/fr\/seo\/\",\"url\":\"https:\/\/adequationmedia.com\/fr\/seo\/\",\"name\":\"Votre agence SEO \u00e0 Montreal | Adequation Media\",\"isPartOf\":{\"@id\":\"https:\/\/adequationmedia.com\/fr\/#website\"},\"datePublished\":\"2022-06-27T16:55:46+00:00\",\"dateModified\":\"2023-01-27T21:13:24+00:00\",\"description\":\"ROI sous-performant? Strat\u00e9gies inefficaces? Augmentez votre croissance avec un plan de Search Engine Optimization (SEO) adapt\u00e9 \u00e0 vos besoins\",\"breadcrumb\":{\"@id\":\"https:\/\/adequationmedia.com\/fr\/seo\/#breadcrumb\"},\"inLanguage\":\"fr-FR\",\"potentialAction\":[{\"@type\":\"ReadAction\",\"target\":[\"https:\/\/adequationmedia.com\/fr\/seo\/\"]}]},{\"@type\":\"BreadcrumbList\",\"@id\":\"https:\/\/adequationmedia.com\/fr\/seo\/#breadcrumb\",\"itemListElement\":[{\"@type\":\"ListItem\",\"position\":1,\"name\":\"Home\",\"item\":\"https:\/\/adequationmedia.com\/fr\/\"},{\"@type\":\"ListItem\",\"position\":2,\"name\":\"SEO\"}]},{\"@type\":\"WebSite\",\"@id\":\"https:\/\/adequationmedia.com\/fr\/#website\",\"url\":\"https:\/\/adequationmedia.com\/fr\/\",\"name\":\"Adequation Media\",\"description\":\"Just another WordPress site\",\"publisher\":{\"@id\":\"https:\/\/adequationmedia.com\/fr\/#organization\"},\"potentialAction\":[{\"@type\":\"SearchAction\",\"target\":{\"@type\":\"EntryPoint\",\"urlTemplate\":\"https:\/\/adequationmedia.com\/fr\/?s={search_term_string}\"},\"query-input\":\"required name=search_term_string\"}],\"inLanguage\":\"fr-FR\"},{\"@type\":\"Organization\",\"@id\":\"https:\/\/adequationmedia.com\/fr\/#organization\",\"name\":\"Adequation Media\",\"url\":\"https:\/\/adequationmedia.com\/fr\/\",\"logo\":{\"@type\":\"ImageObject\",\"inLanguage\":\"fr-FR\",\"@id\":\"https:\/\/adequationmedia.com\/fr\/#\/schema\/logo\/image\/\",\"url\":\"http:\/\/adequationmedia.com\/uploads\/2023\/01\/Logo-noir@2x.png\",\"contentUrl\":\"http:\/\/adequationmedia.com\/uploads\/2023\/01\/Logo-noir@2x.png\",\"width\":1192,\"height\":253,\"caption\":\"Adequation Media\"},\"image\":{\"@id\":\"https:\/\/adequationmedia.com\/fr\/#\/schema\/logo\/image\/\"},\"sameAs\":[\"https:\/\/www.facebook.com\/adequationmedia\"]}]}<\/script>\n<!-- \/ Yoast SEO plugin. -->","yoast_head_json":{"title":"Votre agence SEO \u00e0 Montreal | Adequation Media","description":"ROI sous-performant? Strat\u00e9gies inefficaces? Augmentez votre croissance avec un plan de Search Engine Optimization (SEO) adapt\u00e9 \u00e0 vos besoins","robots":{"index":"index","follow":"follow","max-snippet":"max-snippet:-1","max-image-preview":"max-image-preview:large","max-video-preview":"max-video-preview:-1"},"canonical":"https:\/\/adequationmedia.com\/fr\/seo\/","og_locale":"fr_FR","og_type":"article","og_title":"Votre agence SEO \u00e0 Montreal | Adequation Media","og_description":"ROI sous-performant? Strat\u00e9gies inefficaces? Augmentez votre croissance avec un plan de Search Engine Optimization (SEO) adapt\u00e9 \u00e0 vos besoins","og_url":"https:\/\/adequationmedia.com\/fr\/seo\/","og_site_name":"Adequation Media","article_publisher":"https:\/\/www.facebook.com\/adequationmedia","article_modified_time":"2023-01-27T21:13:24+00:00","twitter_card":"summary_large_image","schema":{"@context":"https:\/\/schema.org","@graph":[{"@type":"WebPage","@id":"https:\/\/adequationmedia.com\/fr\/seo\/","url":"https:\/\/adequationmedia.com\/fr\/seo\/","name":"Votre agence SEO \u00e0 Montreal | Adequation Media","isPartOf":{"@id":"https:\/\/adequationmedia.com\/fr\/#website"},"datePublished":"2022-06-27T16:55:46+00:00","dateModified":"2023-01-27T21:13:24+00:00","description":"ROI sous-performant? Strat\u00e9gies inefficaces? Augmentez votre croissance avec un plan de Search Engine Optimization (SEO) adapt\u00e9 \u00e0 vos besoins","breadcrumb":{"@id":"https:\/\/adequationmedia.com\/fr\/seo\/#breadcrumb"},"inLanguage":"fr-FR","potentialAction":[{"@type":"ReadAction","target":["https:\/\/adequationmedia.com\/fr\/seo\/"]}]},{"@type":"BreadcrumbList","@id":"https:\/\/adequationmedia.com\/fr\/seo\/#breadcrumb","itemListElement":[{"@type":"ListItem","position":1,"name":"Home","item":"https:\/\/adequationmedia.com\/fr\/"},{"@type":"ListItem","position":2,"name":"SEO"}]},{"@type":"WebSite","@id":"https:\/\/adequationmedia.com\/fr\/#website","url":"https:\/\/adequationmedia.com\/fr\/","name":"Adequation Media","description":"Just another WordPress site","publisher":{"@id":"https:\/\/adequationmedia.com\/fr\/#organization"},"potentialAction":[{"@type":"SearchAction","target":{"@type":"EntryPoint","urlTemplate":"https:\/\/adequationmedia.com\/fr\/?s={search_term_string}"},"query-input":"required name=search_term_string"}],"inLanguage":"fr-FR"},{"@type":"Organization","@id":"https:\/\/adequationmedia.com\/fr\/#organization","name":"Adequation Media","url":"https:\/\/adequationmedia.com\/fr\/","logo":{"@type":"ImageObject","inLanguage":"fr-FR","@id":"https:\/\/adequationmedia.com\/fr\/#\/schema\/logo\/image\/","url":"http:\/\/adequationmedia.com\/uploads\/2023\/01\/Logo-noir@2x.png","contentUrl":"http:\/\/adequationmedia.com\/uploads\/2023\/01\/Logo-noir@2x.png","width":1192,"height":253,"caption":"Adequation Media"},"image":{"@id":"https:\/\/adequationmedia.com\/fr\/#\/schema\/logo\/image\/"},"sameAs":["https:\/\/www.facebook.com\/adequationmedia"]}]}},"_links":{"self":[{"href":"https:\/\/adequationmedia.com\/fr\/wp-json\/wp\/v2\/pages\/786","targetHints":{"allow":["GET"]}}],"collection":[{"href":"https:\/\/adequationmedia.com\/fr\/wp-json\/wp\/v2\/pages"}],"about":[{"href":"https:\/\/adequationmedia.com\/fr\/wp-json\/wp\/v2\/types\/page"}],"author":[{"embeddable":true,"href":"https:\/\/adequationmedia.com\/fr\/wp-json\/wp\/v2\/users\/1"}],"replies":[{"embeddable":true,"href":"https:\/\/adequationmedia.com\/fr\/wp-json\/wp\/v2\/comments?post=786"}],"version-history":[{"count":2,"href":"https:\/\/adequationmedia.com\/fr\/wp-json\/wp\/v2\/pages\/786\/revisions"}],"predecessor-version":[{"id":1169,"href":"https:\/\/adequationmedia.com\/fr\/wp-json\/wp\/v2\/pages\/786\/revisions\/1169"}],"wp:attachment":[{"href":"https:\/\/adequationmedia.com\/fr\/wp-json\/wp\/v2\/media?parent=786"}],"curies":[{"name":"wp","href":"https:\/\/api.w.org\/{rel}","templated":true}]}}